{"id":9,"date":"2024-02-24T17:03:51","date_gmt":"2024-02-24T16:03:51","guid":{"rendered":"https:\/\/trokotec.de\/?page_id=9"},"modified":"2025-01-15T17:43:41","modified_gmt":"2025-01-15T16:43:41","slug":"noch-ein-test","status":"publish","type":"page","link":"https:\/\/trokotec.de\/","title":{"rendered":"PRODUKTE"},"content":{"rendered":"\n<div class=\"wp-block-cover alignfull is-light\" style=\"padding-top:0;padding-bottom:0;min-height:80vh;aspect-ratio:unset;\"><span aria-hidden=\"true\" class=\"wp-block-cover__background has-background-dim-0 has-background-dim\"><\/span><video class=\"wp-block-cover__video-background intrinsic-ignore\" autoplay muted loop playsinline src=\"https:\/\/trokotec.de\/wp-content\/uploads\/2024\/02\/TE-h264-1000.mp4\" style=\"object-position:23% 68%\" data-object-fit=\"cover\" data-object-position=\"23% 68%\"><\/video><div class=\"wp-block-cover__inner-container is-layout-constrained wp-block-cover-is-layout-constrained\">\n<div class=\"wp-block-buttons is-content-justification-right is-layout-flex wp-container-core-buttons-is-layout-c133f063 wp-block-buttons-is-layout-flex\">\n<div class=\"wp-block-button has-custom-width wp-block-button__width-50 animated bounceInLeft o-anim-custom-delay is-style-outline is-style-outline--1\" style=\"font-style:normal;font-weight:700\"><a class=\"wp-block-button__link has-ast-global-color-7-color has-text-color has-background has-link-color has-text-align-left wp-element-button\" href=\"https:\/\/trokotec.de\/?page_id=78\" style=\"border-style:none;border-width:0px;background:radial-gradient(rgb(238,238,238) 0%,rgb(169,184,195) 100%);padding-top:var(--wp--preset--spacing--30);padding-right:var(--wp--preset--spacing--30);padding-bottom:var(--wp--preset--spacing--30);padding-left:var(--wp--preset--spacing--30)\">TROCKENEIS<\/a><\/div>\n<\/div>\n\n\n\n<div class=\"wp-block-buttons is-content-justification-right is-layout-flex wp-container-core-buttons-is-layout-d445cf74 wp-block-buttons-is-layout-flex\">\n<div class=\"wp-block-button has-custom-width wp-block-button__width-50 animated bounceInLeft o-anim-offset-1px delay-500ms undefined is-style-outline is-style-outline--2\"><a class=\"wp-block-button__link has-ast-global-color-7-color has-text-color has-background has-link-color has-text-align-left wp-element-button\" href=\"https:\/\/trokotec.de\/?page_id=205\" style=\"border-style:none;border-width:0px;background:radial-gradient(rgb(238,238,238) 0%,rgb(169,184,195) 100%);padding-top:var(--wp--preset--spacing--30);padding-right:var(--wp--preset--spacing--30);padding-bottom:var(--wp--preset--spacing--30);padding-left:var(--wp--preset--spacing--30)\">BIOGENE KOHLENS\u00c4URE<\/a><\/div>\n<\/div>\n\n\n\n<div class=\"wp-block-buttons is-content-justification-right is-layout-flex wp-container-core-buttons-is-layout-d445cf74 wp-block-buttons-is-layout-flex\">\n<div class=\"wp-block-button has-custom-width wp-block-button__width-50 animated bounceInLeft o-anim-custom-delay undefined o-anim-value-delay-1000ms is-style-outline is-style-outline--3\"><a class=\"wp-block-button__link has-ast-global-color-7-color has-text-color has-background has-link-color has-text-align-left wp-element-button\" href=\"https:\/\/trokotec.de\/?page_id=355\" style=\"border-style:none;border-width:0px;background:radial-gradient(rgb(238,238,238) 0%,rgb(169,184,195) 100%);padding-top:var(--wp--preset--spacing--30);padding-right:var(--wp--preset--spacing--30);padding-bottom:var(--wp--preset--spacing--30);padding-left:var(--wp--preset--spacing--30)\">SODA-WASSERSPENDER<\/a><\/div>\n<\/div>\n\n\n\n<div class=\"wp-block-buttons is-content-justification-right is-layout-flex wp-container-core-buttons-is-layout-d445cf74 wp-block-buttons-is-layout-flex\">\n<div class=\"wp-block-button has-custom-width wp-block-button__width-50 has-custom-font-size animated bounceInLeft o-anim-custom-delay undefined o-anim-value-delay-1500ms is-style-outline is-style-outline--4\" style=\"font-size:20px\"><a class=\"wp-block-button__link has-ast-global-color-7-color has-text-color has-background has-link-color has-text-align-left wp-element-button\" href=\"https:\/\/trokotec.de\/?page_id=177\" style=\"border-style:none;border-width:0px;background:radial-gradient(rgb(238,238,238) 0%,rgb(169,184,195) 100%);padding-top:var(--wp--preset--spacing--30);padding-right:var(--wp--preset--spacing--30);padding-bottom:var(--wp--preset--spacing--30);padding-left:var(--wp--preset--spacing--30)\">TROCKENEIS-BEH\u00c4LTER<\/a><\/div>\n<\/div>\n\n\n\n<div class=\"wp-block-buttons is-content-justification-right is-layout-flex wp-container-core-buttons-is-layout-d445cf74 wp-block-buttons-is-layout-flex\">\n<div class=\"wp-block-button has-custom-width wp-block-button__width-50 animated bounceInLeft o-anim-custom-delay undefined o-anim-value-delay-2000ms is-style-fill\"><a class=\"wp-block-button__link has-ast-global-color-7-color has-text-color has-background has-link-color has-text-align-left wp-element-button\" href=\"https:\/\/trokotec.de\/?page_id=80\" style=\"border-style:none;border-width:0px;background:radial-gradient(rgb(238,238,238) 0%,rgb(169,184,195) 100%);padding-top:var(--wp--preset--spacing--30);padding-right:var(--wp--preset--spacing--30);padding-bottom:var(--wp--preset--spacing--30);padding-left:var(--wp--preset--spacing--30)\">PELLETIZER<\/a><\/div>\n<\/div>\n\n\n\n<div class=\"wp-block-buttons is-content-justification-right is-layout-flex wp-container-core-buttons-is-layout-d445cf74 wp-block-buttons-is-layout-flex\">\n<div class=\"wp-block-button has-custom-width wp-block-button__width-50 animated bounceInLeft o-anim-custom-delay undefined o-anim-value-delay-2500ms is-style-outline is-style-outline--5\"><a class=\"wp-block-button__link has-ast-global-color-7-color has-text-color has-background has-link-color has-text-align-left wp-element-button\" href=\"https:\/\/trokotec.de\/?page_id=304\" style=\"border-style:none;border-width:0px;background:radial-gradient(rgb(238,238,238) 0%,rgb(169,184,195) 100%);padding-top:var(--wp--preset--spacing--30);padding-right:var(--wp--preset--spacing--30);padding-bottom:var(--wp--preset--spacing--30);padding-left:var(--wp--preset--spacing--30)\">STRAHLGER\u00c4TE<\/a><\/div>\n<\/div>\n\n\n\n<div class=\"wp-block-buttons is-content-justification-right is-layout-flex wp-container-core-buttons-is-layout-d445cf74 wp-block-buttons-is-layout-flex\">\n<div class=\"wp-block-button has-custom-width wp-block-button__width-50 undefined animated bounceInLeft o-anim-custom-delay o-anim-value-delay-3000ms is-style-outline is-style-outline--6\"><a class=\"wp-block-button__link has-ast-global-color-7-color has-text-color has-background has-link-color has-text-align-left wp-element-button\" href=\"https:\/\/trokotec.de\/?page_id=420\" style=\"border-style:none;border-width:0px;border-radius:7px;background:radial-gradient(rgb(238,238,238) 0%,rgb(169,184,195) 100%);padding-top:var(--wp--preset--spacing--30);padding-right:var(--wp--preset--spacing--30);padding-bottom:var(--wp--preset--spacing--30);padding-left:var(--wp--preset--spacing--30)\">CO2 UMF\u00dcLLANLAGEN<\/a><\/div>\n<\/div>\n\n\n\n<div class=\"wp-block-buttons is-content-justification-right is-layout-flex wp-container-core-buttons-is-layout-d445cf74 wp-block-buttons-is-layout-flex\">\n<div class=\"wp-block-button has-custom-width wp-block-button__width-50 animated bounceInLeft o-anim-custom-delay undefined o-anim-value-delay-3500ms is-style-outline is-style-outline--7\"><a class=\"wp-block-button__link has-ast-global-color-7-color has-text-color has-background has-link-color has-text-align-left wp-element-button\" style=\"border-style:none;border-width:0px;border-radius:7px;background:radial-gradient(rgb(238,238,238) 0%,rgb(169,184,195) 100%);padding-top:var(--wp--preset--spacing--30);padding-right:var(--wp--preset--spacing--30);padding-bottom:var(--wp--preset--spacing--30);padding-left:var(--wp--preset--spacing--30)\">ZUBEH\u00d6R<\/a><\/div>\n<\/div>\n<\/div><\/div>\n\n\n\n<div class=\"wp-block-columns is-layout-flex wp-container-core-columns-is-layout-28f84493 wp-block-columns-is-layout-flex\">\n<div class=\"wp-block-column has-ast-global-color-0-background-color has-background is-layout-flow wp-container-core-column-is-layout-8a368f38 wp-block-column-is-layout-flow\" style=\"flex-basis:100%\">\n<p><\/p>\n<\/div>\n<\/div>\n\n\n\n<p><\/p>\n\n\n\n<div class=\"wp-block-group alignfull is-layout-constrained wp-container-core-group-is-layout-490fa1db wp-block-group-is-layout-constrained\" style=\"padding-top:var(--wp--preset--spacing--50);padding-right:var(--wp--preset--spacing--50);padding-bottom:var(--wp--preset--spacing--50);padding-left:var(--wp--preset--spacing--50)\">\n<div class=\"wp-block-group is-layout-constrained wp-container-core-group-is-layout-650790e1 wp-block-group-is-layout-constrained\">\n<h1 class=\"wp-block-heading has-text-align-center\" style=\"font-size:30px\">Wir sind die Spezialisten<br>f\u00fcr Trockeneis und Biogene Kohlens\u00e4ure<\/h1>\n\n\n\n<div style=\"height:1.25rem\" aria-hidden=\"true\" class=\"wp-block-spacer\"><\/div>\n\n\n\n<p class=\"has-text-align-center has-medium-font-size\">Unser Familienunternehmen liefert seit zwei Generationen<br>Trockeneispellets, Nuggets, Platten und Bl\u00f6cke<br><\/p>\n<\/div>\n\n\n\n<div style=\"height:var(--wp--preset--spacing--30)\" aria-hidden=\"true\" class=\"wp-block-spacer\"><\/div>\n<\/div>\n\n\n\n<figure class=\"wp-block-image alignfull size-large\"><img loading=\"lazy\" decoding=\"async\" width=\"1024\" height=\"444\" src=\"https:\/\/trokotec.de\/wp-content\/uploads\/2024\/02\/Firmengebaeude-1024x444.jpg\" alt=\"\" class=\"wp-image-254\" srcset=\"https:\/\/trokotec.de\/wp-content\/uploads\/2024\/02\/Firmengebaeude-1024x444.jpg 1024w, https:\/\/trokotec.de\/wp-content\/uploads\/2024\/02\/Firmengebaeude-300x130.jpg 300w, https:\/\/trokotec.de\/wp-content\/uploads\/2024\/02\/Firmengebaeude-768x333.jpg 768w, https:\/\/trokotec.de\/wp-content\/uploads\/2024\/02\/Firmengebaeude-1536x667.jpg 1536w, https:\/\/trokotec.de\/wp-content\/uploads\/2024\/02\/Firmengebaeude-2048x889.jpg 2048w\" sizes=\"auto, (max-width: 1024px) 100vw, 1024px\" \/><\/figure>\n\n\n\n<div style=\"height:100px\" aria-hidden=\"true\" class=\"wp-block-spacer\"><\/div>\n\n\n\n<div class=\"wp-block-columns is-layout-flex wp-container-core-columns-is-layout-28f84493 wp-block-columns-is-layout-flex\">\n<div class=\"wp-block-column is-layout-flow wp-block-column-is-layout-flow\">\n<figure class=\"wp-block-image aligncenter size-full is-resized has-custom-border animated fadeInLeft\"><img loading=\"lazy\" decoding=\"async\" width=\"1000\" height=\"714\" src=\"https:\/\/trokotec.de\/wp-content\/uploads\/2024\/02\/cropped-Trockeneis-1-1.jpg\" alt=\"\" class=\"wp-image-208\" style=\"border-width:7px;width:400px\" srcset=\"https:\/\/trokotec.de\/wp-content\/uploads\/2024\/02\/cropped-Trockeneis-1-1.jpg 1000w, https:\/\/trokotec.de\/wp-content\/uploads\/2024\/02\/cropped-Trockeneis-1-1-300x214.jpg 300w, https:\/\/trokotec.de\/wp-content\/uploads\/2024\/02\/cropped-Trockeneis-1-1-768x548.jpg 768w\" sizes=\"auto, (max-width: 1000px) 100vw, 1000px\" \/><\/figure>\n<\/div>\n\n\n\n<div class=\"wp-block-column is-layout-flow wp-block-column-is-layout-flow\" style=\"padding-top:var(--wp--preset--spacing--50);padding-right:var(--wp--preset--spacing--40);padding-bottom:var(--wp--preset--spacing--50);padding-left:var(--wp--preset--spacing--40)\">\n<p>Unter Trockeneis versteht man Kohlendioxid (handels\u00fcblich auch Kohlens\u00e4ure genannt) in fester Form. Die Bezeichnung \u201etrocken\u201c bezieht sich auf die Eigenschaft zu sublimieren: Trockeneis geht bei&nbsp;Umgebungsdruck ohne weitere Verfl\u00fcssigung direkt vom festen in den gasf\u00f6rmigen Zustand \u00fcber&nbsp;(Sublimation).<\/p>\n<\/div>\n<\/div>\n\n\n\n<div style=\"height:100px\" aria-hidden=\"true\" class=\"wp-block-spacer\"><\/div>\n\n\n\n<p class=\"has-text-align-center\" style=\"padding-right:var(--wp--preset--spacing--40);padding-left:var(--wp--preset--spacing--40)\"><strong>TROCKENEISPRODUKTION<\/strong><\/p>\n\n\n\n<p style=\"padding-right:var(--wp--preset--spacing--40);padding-left:var(--wp--preset--spacing--40)\"><strong>I<\/strong>n der Praxis erfolgt die Herstellung von Trockeneis durch Entspannung von tiefkalt verfl\u00fcssigtem CO2 aus einem geeigneten Lagerbeh\u00e4lter mit einem Arbeitsdruck von ca. 17 bar auf Atmosph\u00e4rendruck. Das tiefkalt&nbsp;verfl\u00fcssigte CO2 wird dabei in eine Pressform oder Vorkammer einged\u00fcst. Der so erzeugte Trockeneis-Schnee wird anschlie\u00dfend mit einer Trockeneispresse hydraulisch zu Trockeneis in Form von Pellets, Bl\u00f6cken, Scheiben oder Nuggets gepresst.<\/p>\n\n\n\n<p style=\"padding-right:var(--wp--preset--spacing--80);padding-left:var(--wp--preset--spacing--80)\"><\/p>\n\n\n\n<div class=\"wp-block-media-text has-media-on-the-right is-stacked-on-mobile has-ast-global-color-1-background-color has-background\" style=\"margin-top:0;margin-right:0;margin-bottom:0;margin-left:0;padding-top:var(--wp--preset--spacing--40);padding-right:var(--wp--preset--spacing--40);padding-bottom:var(--wp--preset--spacing--40);padding-left:var(--wp--preset--spacing--40);grid-template-columns:auto 38%\"><div class=\"wp-block-media-text__content\">\n<h4 class=\"wp-block-heading\">BIOGENE KOHLENS\u00c4URE<\/h4>\n\n\n\n<blockquote class=\"wp-block-quote is-layout-flow wp-block-quote-is-layout-flow\">\n<p><em><strong>Der Umwelt zu Liebe<\/strong><\/em><\/p>\n<\/blockquote>\n\n\n\n<p>Hergestellt aus&nbsp;biogener Kohlens\u00e4ure<\/p>\n\n\n\n<p class=\"has-medium-font-size\">Einen&nbsp;Beitrag zum Umweltschutz&nbsp;leistet jeder mit der Verwendung von biogener Kohlens\u00e4ure, hergestellt aus&nbsp;nachwachsenden Rohstoffen.<br><br>Unsere Kinder, Enkel und Urenkel werden es uns danken.<\/p>\n\n\n\n<p><br><\/p>\n<\/div><figure class=\"wp-block-media-text__media\"><img loading=\"lazy\" decoding=\"async\" width=\"722\" height=\"1024\" src=\"https:\/\/trokotec.de\/wp-content\/uploads\/2024\/02\/2021.04.19.maggia-frizzante-biogen.Bilddatei-722x1024.jpg\" alt=\"\" class=\"wp-image-122 size-full\" srcset=\"https:\/\/trokotec.de\/wp-content\/uploads\/2024\/02\/2021.04.19.maggia-frizzante-biogen.Bilddatei-722x1024.jpg 722w, https:\/\/trokotec.de\/wp-content\/uploads\/2024\/02\/2021.04.19.maggia-frizzante-biogen.Bilddatei-211x300.jpg 211w, https:\/\/trokotec.de\/wp-content\/uploads\/2024\/02\/2021.04.19.maggia-frizzante-biogen.Bilddatei-768x1090.jpg 768w, https:\/\/trokotec.de\/wp-content\/uploads\/2024\/02\/2021.04.19.maggia-frizzante-biogen.Bilddatei.jpg 1000w\" sizes=\"auto, (max-width: 722px) 100vw, 722px\" \/><\/figure><\/div>\n\n\n\n<div class=\"wp-block-columns is-layout-flex wp-container-core-columns-is-layout-28f84493 wp-block-columns-is-layout-flex\">\n<div class=\"wp-block-column is-layout-flow wp-block-column-is-layout-flow\">\n<div style=\"height:50px\" aria-hidden=\"true\" class=\"wp-block-spacer\"><\/div>\n<\/div>\n<\/div>\n\n\n\n<p class=\"has-text-align-center\" style=\"font-size:30px\"><strong>ANFAHRT + KONTAKT<\/strong><\/p>\n\n\n\n<div style=\"text-align:center;\">\n<iframe src=\"https:\/\/www.google.com\/maps\/embed?pb=!1m18!1m12!1m3!1d124885.08030375523!2d10.0830890787787!3d48.0794712279056!2m3!1f0!2f0!3f0!3m2!1i1024!2i768!4f13.1!3m3!1m2!1s0x479bfa8d52b50e67%3A0x23b25b47d501a548!2sTrokotec%20UG!5e0!3m2!1sde!2sde!4v1709049402871!5m2!1sde!2sde\" width=\"80%\" height=\"450\" style=\"border:0;\" allowfullscreen=\"\" loading=\"lazy\" referrerpolicy=\"no-referrer-when-downgrade\"><\/iframe>\n<\/div>\n\n\n\n<div class=\"wp-block-columns is-layout-flex wp-container-core-columns-is-layout-28f84493 wp-block-columns-is-layout-flex\">\n<div class=\"wp-block-column is-vertically-aligned-center is-layout-constrained wp-block-column-is-layout-constrained\"><\/div>\n<\/div>\n\n\n\n<div class=\"wp-block-columns is-layout-flex wp-container-core-columns-is-layout-28f84493 wp-block-columns-is-layout-flex\">\n<div class=\"wp-block-column is-layout-flow wp-block-column-is-layout-flow\">\n<hr class=\"wp-block-separator has-alpha-channel-opacity\"\/>\n\n\n\n<div class=\"wp-block-columns is-layout-flex wp-container-core-columns-is-layout-28f84493 wp-block-columns-is-layout-flex\">\n<div class=\"wp-block-column is-vertically-aligned-center is-layout-constrained wp-block-column-is-layout-constrained\"><\/div>\n<\/div>\n\n\n<style id=\"wpforms-css-vars-root\">\n\t\t\t\t:root {\n\t\t\t\t\t--wpforms-field-border-radius: 3px;\n--wpforms-field-border-style: solid;\n--wpforms-field-border-size: 1px;\n--wpforms-field-background-color: #ffffff;\n--wpforms-field-border-color: rgba( 0, 0, 0, 0.25 );\n--wpforms-field-border-color-spare: rgba( 0, 0, 0, 0.25 );\n--wpforms-field-text-color: rgba( 0, 0, 0, 0.7 );\n--wpforms-field-menu-color: #ffffff;\n--wpforms-label-color: rgba( 0, 0, 0, 0.85 );\n--wpforms-label-sublabel-color: rgba( 0, 0, 0, 0.55 );\n--wpforms-label-error-color: #d63637;\n--wpforms-button-border-radius: 3px;\n--wpforms-button-border-style: none;\n--wpforms-button-border-size: 1px;\n--wpforms-button-background-color: #066aab;\n--wpforms-button-border-color: #066aab;\n--wpforms-button-text-color: #ffffff;\n--wpforms-page-break-color: #066aab;\n--wpforms-background-image: none;\n--wpforms-background-position: center center;\n--wpforms-background-repeat: no-repeat;\n--wpforms-background-size: cover;\n--wpforms-background-width: 100px;\n--wpforms-background-height: 100px;\n--wpforms-background-color: rgba( 0, 0, 0, 0 );\n--wpforms-background-url: none;\n--wpforms-container-padding: 0px;\n--wpforms-container-border-style: none;\n--wpforms-container-border-width: 1px;\n--wpforms-container-border-color: #000000;\n--wpforms-container-border-radius: 3px;\n--wpforms-field-size-input-height: 43px;\n--wpforms-field-size-input-spacing: 15px;\n--wpforms-field-size-font-size: 16px;\n--wpforms-field-size-line-height: 19px;\n--wpforms-field-size-padding-h: 14px;\n--wpforms-field-size-checkbox-size: 16px;\n--wpforms-field-size-sublabel-spacing: 5px;\n--wpforms-field-size-icon-size: 1;\n--wpforms-label-size-font-size: 16px;\n--wpforms-label-size-line-height: 19px;\n--wpforms-label-size-sublabel-font-size: 14px;\n--wpforms-label-size-sublabel-line-height: 17px;\n--wpforms-button-size-font-size: 17px;\n--wpforms-button-size-height: 41px;\n--wpforms-button-size-padding-h: 15px;\n--wpforms-button-size-margin-top: 10px;\n--wpforms-container-shadow-size-box-shadow: none;\n\n\t\t\t\t}\n\t\t\t<\/style><style id=\"wpforms-css-vars-619-block-9a2cf8be-aa5a-4276-a99e-2cbd7dd4e276\">\n\t\t\t\t#wpforms-619.wpforms-block-9a2cf8be-aa5a-4276-a99e-2cbd7dd4e276 {\n\t\t\t\t\t--wpforms-label-color: #ffffff;\n--wpforms-label-sublabel-color: var(--ast-global-color-4);\n--wpforms-field-border-radius: 7px;\n--wpforms-field-text-color: var(--ast-global-color-3);\n--wpforms-button-border-radius: 7px;\n--wpforms-field-size-input-height: 43px;\n--wpforms-field-size-input-spacing: 15px;\n--wpforms-field-size-font-size: 16px;\n--wpforms-field-size-line-height: 19px;\n--wpforms-field-size-padding-h: 14px;\n--wpforms-field-size-checkbox-size: 16px;\n--wpforms-field-size-sublabel-spacing: 5px;\n--wpforms-field-size-icon-size: 1;\n--wpforms-label-size-font-size: 16px;\n--wpforms-label-size-line-height: 19px;\n--wpforms-label-size-sublabel-font-size: 14px;\n--wpforms-label-size-sublabel-line-height: 17px;\n--wpforms-button-size-font-size: 17px;\n--wpforms-button-size-height: 41px;\n--wpforms-button-size-padding-h: 15px;\n--wpforms-button-size-margin-top: 10px;\n\n\t\t\t\t}\n\t\t\t<\/style><div class=\"wpforms-container wpforms-container-full wpforms-block wpforms-block-9a2cf8be-aa5a-4276-a99e-2cbd7dd4e276 wpforms-render-modern\" id=\"wpforms-619\"><form id=\"wpforms-form-619\" class=\"wpforms-validate wpforms-form wpforms-ajax-form\" data-formid=\"619\" method=\"post\" enctype=\"multipart\/form-data\" action=\"\/index.php?rest_route=%2Fwp%2Fv2%2Fpages%2F9\" data-token=\"5f34f076e4439044fe09df2d315b5562\" data-token-time=\"1778322248\"><noscript class=\"wpforms-error-noscript\">Bitte aktiviere JavaScript in deinem Browser, um dieses Formular fertigzustellen.<\/noscript><div class=\"wpforms-hidden\" id=\"wpforms-error-noscript\">Bitte aktiviere JavaScript in deinem Browser, um dieses Formular fertigzustellen.<\/div><div class=\"wpforms-field-container\"><div id=\"wpforms-619-field_1-container\" class=\"wpforms-field wpforms-field-name\" data-field-id=\"1\"><fieldset><legend class=\"wpforms-field-label\">Name <span class=\"wpforms-required-label\" aria-hidden=\"true\">*<\/span><\/legend><div class=\"wpforms-field-row wpforms-field-medium\"><div class=\"wpforms-field-row-block wpforms-first wpforms-one-half\"><input type=\"text\" id=\"wpforms-619-field_1\" class=\"wpforms-field-name-first wpforms-field-required\" name=\"wpforms[fields][1][first]\" aria-errormessage=\"wpforms-619-field_1-error\" required><label for=\"wpforms-619-field_1\" class=\"wpforms-field-sublabel after\">Vorname<\/label><\/div><div class=\"wpforms-field-row-block wpforms-one-half\"><input type=\"text\" id=\"wpforms-619-field_1-last\" class=\"wpforms-field-name-last wpforms-field-required\" name=\"wpforms[fields][1][last]\" aria-errormessage=\"wpforms-619-field_1-last-error\" required><label for=\"wpforms-619-field_1-last\" class=\"wpforms-field-sublabel after\">Nachname<\/label><\/div><\/div><\/fieldset><\/div><div id=\"wpforms-619-field_2-container\" class=\"wpforms-field wpforms-field-email\" data-field-id=\"2\"><label class=\"wpforms-field-label\" for=\"wpforms-619-field_2\">E-Mail-Adresse <span class=\"wpforms-required-label\" aria-hidden=\"true\">*<\/span><\/label><input type=\"email\" id=\"wpforms-619-field_2\" class=\"wpforms-field-medium wpforms-field-required\" name=\"wpforms[fields][2]\" spellcheck=\"false\" aria-errormessage=\"wpforms-619-field_2-error\" required><\/div><div id=\"wpforms-619-field_3-container\" class=\"wpforms-field wpforms-field-textarea\" data-field-id=\"3\"><label class=\"wpforms-field-label\" for=\"wpforms-619-field_3\">Kommentar oder Nachricht<\/label><textarea id=\"wpforms-619-field_3\" class=\"wpforms-field-medium\" name=\"wpforms[fields][3]\" aria-errormessage=\"wpforms-619-field_3-error\" ><\/textarea><\/div><\/div><!-- .wpforms-field-container --><div class=\"wpforms-submit-container\" ><input type=\"hidden\" name=\"wpforms[id]\" value=\"619\"><input type=\"hidden\" name=\"page_title\" value=\"\"><input type=\"hidden\" name=\"page_url\" value=\"https:\/\/trokotec.de\/index.php?rest_route=%2Fwp%2Fv2%2Fpages%2F9\"><button type=\"submit\" name=\"wpforms[submit]\" id=\"wpforms-submit-619\" class=\"wpforms-submit\" data-alt-text=\"Wird gesendet\u00a0\u2026\" data-submit-text=\"Absenden\" aria-live=\"assertive\" value=\"wpforms-submit\">Absenden<\/button><img loading=\"lazy\" decoding=\"async\" src=\"https:\/\/trokotec.de\/wp-content\/plugins\/wpforms-lite\/assets\/images\/submit-spin.svg\" class=\"wpforms-submit-spinner\" style=\"display: none;\" width=\"26\" height=\"26\" alt=\"Wird geladen\"><\/div><\/form><\/div>  <!-- .wpforms-container --><\/div>\n<\/div>\n\n\n\n<div class=\"wp-block-columns is-layout-flex wp-container-core-columns-is-layout-28f84493 wp-block-columns-is-layout-flex\">\n<div class=\"wp-block-column is-layout-flow wp-block-column-is-layout-flow\"><\/div>\n<\/div>\n\n\n\n<div style=\"height:100px\" aria-hidden=\"true\" class=\"wp-block-spacer\"><\/div>\n","protected":false},"excerpt":{"rendered":"<p>Wir sind die Spezialistenf\u00fcr Trockeneis und Biogene Kohlens\u00e4ure Unser Familienunternehmen liefert seit zwei GenerationenTrockeneispellets, Nuggets, Platten und Bl\u00f6cke Unter Trockeneis [&hellip;]<\/p>\n","protected":false},"author":1,"featured_media":0,"parent":0,"menu_order":0,"comment_status":"closed","ping_status":"closed","template":"","meta":{"site-sidebar-layout":"default","site-content-layout":"","ast-site-content-layout":"","site-content-style":"default","site-sidebar-style":"default","ast-global-header-display":"","ast-banner-title-visibility":"","ast-main-header-display":"","ast-hfb-above-header-display":"","ast-hfb-below-header-display":"","ast-hfb-mobile-header-display":"","site-post-title":"disabled","ast-breadcrumbs-content":"","ast-featured-img":"","footer-sml-layout":"","theme-transparent-header-meta":"","adv-header-id-meta":"","stick-header-meta":"","header-above-stick-meta":"","header-main-stick-meta":"","header-below-stick-meta":"","astra-migrate-meta-layouts":"default","ast-page-background-enabled":"default","ast-page-background-meta":{"desktop":{"background-color":"var(--ast-global-color-4)","background-image":"","background-repeat":"repeat","background-position":"center center","background-size":"auto","background-attachment":"scroll","background-type":"","background-media":"","overlay-type":"","overlay-color":"","overlay-gradient":""},"tablet":{"background-color":"","background-image":"","background-repeat":"repeat","background-position":"center center","background-size":"auto","background-attachment":"scroll","background-type":"","background-media":"","overlay-type":"","overlay-color":"","overlay-gradient":""},"mobile":{"background-color":"","background-image":"","background-repeat":"repeat","background-position":"center center","background-size":"auto","background-attachment":"scroll","background-type":"","background-media":"","overlay-type":"","overlay-color":"","overlay-gradient":""}},"ast-content-background-meta":{"desktop":{"background-color":"var(--ast-global-color-5)","background-image":"","background-repeat":"repeat","background-position":"center center","background-size":"auto","background-attachment":"scroll","background-type":"","background-media":"","overlay-type":"","overlay-color":"","overlay-gradient":""},"tablet":{"background-color":"var(--ast-global-color-5)","background-image":"","background-repeat":"repeat","background-position":"center center","background-size":"auto","background-attachment":"scroll","background-type":"","background-media":"","overlay-type":"","overlay-color":"","overlay-gradient":""},"mobile":{"background-color":"var(--ast-global-color-5)","background-image":"","background-repeat":"repeat","background-position":"center center","background-size":"auto","background-attachment":"scroll","background-type":"","background-media":"","overlay-type":"","overlay-color":"","overlay-gradient":""}},"footnotes":""},"class_list":["post-9","page","type-page","status-publish","hentry"],"_links":{"self":[{"href":"https:\/\/trokotec.de\/index.php?rest_route=\/wp\/v2\/pages\/9","targetHints":{"allow":["GET"]}}],"collection":[{"href":"https:\/\/trokotec.de\/index.php?rest_route=\/wp\/v2\/pages"}],"about":[{"href":"https:\/\/trokotec.de\/index.php?rest_route=\/wp\/v2\/types\/page"}],"author":[{"embeddable":true,"href":"https:\/\/trokotec.de\/index.php?rest_route=\/wp\/v2\/users\/1"}],"replies":[{"embeddable":true,"href":"https:\/\/trokotec.de\/index.php?rest_route=%2Fwp%2Fv2%2Fcomments&post=9"}],"version-history":[{"count":24,"href":"https:\/\/trokotec.de\/index.php?rest_route=\/wp\/v2\/pages\/9\/revisions"}],"predecessor-version":[{"id":628,"href":"https:\/\/trokotec.de\/index.php?rest_route=\/wp\/v2\/pages\/9\/revisions\/628"}],"wp:attachment":[{"href":"https:\/\/trokotec.de\/index.php?rest_route=%2Fwp%2Fv2%2Fmedia&parent=9"}],"curies":[{"name":"wp","href":"https:\/\/api.w.org\/{rel}","templated":true}]}}