{"id":78,"date":"2024-02-24T21:40:54","date_gmt":"2024-02-24T20:40:54","guid":{"rendered":"https:\/\/trokotec.de\/?page_id=78"},"modified":"2024-04-24T19:23:37","modified_gmt":"2024-04-24T17:23:37","slug":"biogenes-trockeneis","status":"publish","type":"page","link":"https:\/\/trokotec.de\/?page_id=78","title":{"rendered":"BIOGENES TROCKENEIS"},"content":{"rendered":"\n<div class=\"wp-block-columns is-layout-flex wp-container-core-columns-is-layout-28f84493 wp-block-columns-is-layout-flex\">\n<div class=\"wp-block-column is-layout-flow wp-block-column-is-layout-flow\" style=\"padding-top:var(--wp--preset--spacing--60);padding-bottom:var(--wp--preset--spacing--60)\">\n<p><\/p>\n\n\n\n<div class=\"wp-block-group alignfull is-layout-constrained wp-container-core-group-is-layout-490fa1db wp-block-group-is-layout-constrained\" style=\"padding-top:var(--wp--preset--spacing--50);padding-right:var(--wp--preset--spacing--50);padding-bottom:var(--wp--preset--spacing--50);padding-left:var(--wp--preset--spacing--50)\">\n<div class=\"wp-block-group is-layout-constrained wp-container-core-group-is-layout-650790e1 wp-block-group-is-layout-constrained\">\n<h1 class=\"wp-block-heading has-text-align-center\" style=\"font-size:30px\">TROCKENEIS<br>UND<br>BIOGENES TROCKENEIS<\/h1>\n\n\n\n<div style=\"height:1.25rem\" aria-hidden=\"true\" class=\"wp-block-spacer\"><\/div>\n\n\n\n<p class=\"has-text-align-center\">Innovation trifft Nachhaltigkeit<\/p>\n<\/div>\n<\/div>\n<\/div>\n<\/div>\n\n\n\n<div class=\"wp-block-columns is-layout-flex wp-container-core-columns-is-layout-28f84493 wp-block-columns-is-layout-flex\">\n<div class=\"wp-block-column is-layout-flow wp-block-column-is-layout-flow\">\n<figure class=\"wp-block-image aligncenter size-full is-resized has-custom-border animated fadeInLeft\"><img loading=\"lazy\" decoding=\"async\" width=\"1000\" height=\"714\" src=\"https:\/\/trokotec.de\/wp-content\/uploads\/2024\/02\/cropped-Trockeneis-1-1.jpg\" alt=\"\" class=\"wp-image-208\" style=\"border-width:7px;width:400px\" srcset=\"https:\/\/trokotec.de\/wp-content\/uploads\/2024\/02\/cropped-Trockeneis-1-1.jpg 1000w, https:\/\/trokotec.de\/wp-content\/uploads\/2024\/02\/cropped-Trockeneis-1-1-300x214.jpg 300w, https:\/\/trokotec.de\/wp-content\/uploads\/2024\/02\/cropped-Trockeneis-1-1-768x548.jpg 768w\" sizes=\"auto, (max-width: 1000px) 100vw, 1000px\" \/><\/figure>\n<\/div>\n\n\n\n<div class=\"wp-block-column is-layout-flow wp-block-column-is-layout-flow\" style=\"padding-top:var(--wp--preset--spacing--50);padding-right:var(--wp--preset--spacing--40);padding-bottom:var(--wp--preset--spacing--50);padding-left:var(--wp--preset--spacing--40)\">\n<p>Unter Trockeneis versteht man Kohlendioxid (handels\u00fcblich auch Kohlens\u00e4ure genannt) in fester Form. Die Bezeichnung \u201etrocken\u201c bezieht sich auf die Eigenschaft zu sublimieren: Trockeneis geht bei&nbsp;Umgebungsdruck ohne weitere Verfl\u00fcssigung direkt vom festen in den gasf\u00f6rmigen Zustand \u00fcber&nbsp;(Sublimation).<\/p>\n<\/div>\n<\/div>\n\n\n\n<p><\/p>\n\n\n\n<p><\/p>\n\n\n\n<p style=\"padding-right:0;padding-left:0\"><strong>TROCKENEISPRODUKTION<\/strong><\/p>\n\n\n\n<p style=\"padding-right:0;padding-left:0\"><strong>I<\/strong>n der Praxis erfolgt die Herstellung von Trockeneis durch Entspannung von tiefkalt verfl\u00fcssigtem CO2 aus einem geeigneten Lagerbeh\u00e4lter mit einem Arbeitsdruck von ca. 17 bar auf Atmosph\u00e4rendruck. Das tiefkalt&nbsp;verfl\u00fcssigte CO2 wird dabei in eine Pressform oder Vorkammer einged\u00fcst. Der so erzeugte Trockeneis-Schnee wird anschlie\u00dfend mit einer Trockeneispresse hydraulisch zu Trockeneis in Form von Pellets, Bl\u00f6cken, Scheiben oder Nuggets gepresst.<\/p>\n\n\n\n<div style=\"height:100px\" aria-hidden=\"true\" class=\"wp-block-spacer\"><\/div>\n","protected":false},"excerpt":{"rendered":"<p>TROCKENEISUNDBIOGENES TROCKENEIS Innovation trifft Nachhaltigkeit Unter Trockeneis versteht man Kohlendioxid (handels\u00fcblich auch Kohlens\u00e4ure genannt) in fester Form. Die Bezeichnung \u201etrocken\u201c [&hellip;]<\/p>\n","protected":false},"author":1,"featured_media":0,"parent":0,"menu_order":0,"comment_status":"closed","ping_status":"closed","template":"","meta":{"site-sidebar-layout":"default","site-content-layout":"","ast-site-content-layout":"","site-content-style":"default","site-sidebar-style":"default","ast-global-header-display":"","ast-banner-title-visibility":"","ast-main-header-display":"","ast-hfb-above-header-display":"","ast-hfb-below-header-display":"","ast-hfb-mobile-header-display":"","site-post-title":"disabled","ast-breadcrumbs-content":"","ast-featured-img":"","footer-sml-layout":"","theme-transparent-header-meta":"","adv-header-id-meta":"","stick-header-meta":"","header-above-stick-meta":"","header-main-stick-meta":"","header-below-stick-meta":"","astra-migrate-meta-layouts":"default","ast-page-background-enabled":"default","ast-page-background-meta":{"desktop":{"background-color":"var(--ast-global-color-4)","background-image":"","background-repeat":"repeat","background-position":"center center","background-size":"auto","background-attachment":"scroll","background-type":"","background-media":"","overlay-type":"","overlay-color":"","overlay-gradient":""},"tablet":{"background-color":"","background-image":"","background-repeat":"repeat","background-position":"center center","background-size":"auto","background-attachment":"scroll","background-type":"","background-media":"","overlay-type":"","overlay-color":"","overlay-gradient":""},"mobile":{"background-color":"","background-image":"","background-repeat":"repeat","background-position":"center center","background-size":"auto","background-attachment":"scroll","background-type":"","background-media":"","overlay-type":"","overlay-color":"","overlay-gradient":""}},"ast-content-background-meta":{"desktop":{"background-color":"var(--ast-global-color-5)","background-image":"","background-repeat":"repeat","background-position":"center center","background-size":"auto","background-attachment":"scroll","background-type":"","background-media":"","overlay-type":"","overlay-color":"","overlay-gradient":""},"tablet":{"background-color":"var(--ast-global-color-5)","background-image":"","background-repeat":"repeat","background-position":"center center","background-size":"auto","background-attachment":"scroll","background-type":"","background-media":"","overlay-type":"","overlay-color":"","overlay-gradient":""},"mobile":{"background-color":"var(--ast-global-color-5)","background-image":"","background-repeat":"repeat","background-position":"center center","background-size":"auto","background-attachment":"scroll","background-type":"","background-media":"","overlay-type":"","overlay-color":"","overlay-gradient":""}},"footnotes":""},"class_list":["post-78","page","type-page","status-publish","hentry"],"_links":{"self":[{"href":"https:\/\/trokotec.de\/index.php?rest_route=\/wp\/v2\/pages\/78","targetHints":{"allow":["GET"]}}],"collection":[{"href":"https:\/\/trokotec.de\/index.php?rest_route=\/wp\/v2\/pages"}],"about":[{"href":"https:\/\/trokotec.de\/index.php?rest_route=\/wp\/v2\/types\/page"}],"author":[{"embeddable":true,"href":"https:\/\/trokotec.de\/index.php?rest_route=\/wp\/v2\/users\/1"}],"replies":[{"embeddable":true,"href":"https:\/\/trokotec.de\/index.php?rest_route=%2Fwp%2Fv2%2Fcomments&post=78"}],"version-history":[{"count":10,"href":"https:\/\/trokotec.de\/index.php?rest_route=\/wp\/v2\/pages\/78\/revisions"}],"predecessor-version":[{"id":557,"href":"https:\/\/trokotec.de\/index.php?rest_route=\/wp\/v2\/pages\/78\/revisions\/557"}],"wp:attachment":[{"href":"https:\/\/trokotec.de\/index.php?rest_route=%2Fwp%2Fv2%2Fmedia&parent=78"}],"curies":[{"name":"wp","href":"https:\/\/api.w.org\/{rel}","templated":true}]}}