{"id":66,"date":"2024-02-24T21:23:29","date_gmt":"2024-02-24T20:23:29","guid":{"rendered":"https:\/\/trokotec.de\/?page_id=66"},"modified":"2025-01-15T13:57:53","modified_gmt":"2025-01-15T12:57:53","slug":"impressum","status":"publish","type":"page","link":"https:\/\/trokotec.de\/?page_id=66","title":{"rendered":"IMPRESSUM"},"content":{"rendered":"\n<h5 class=\"wp-block-heading has-ast-global-color-4-color has-text-color has-background has-link-color wp-elements-7e43a446a691a9a20733ae9eae346c56\" style=\"background-color:#5e5e5e;margin-top:0;margin-right:0;margin-bottom:0;margin-left:0\">IMPRESSUM<\/h5>\n\n\n\n<p class=\"has-text-align-left has-ast-global-color-4-color has-text-color has-background has-link-color wp-elements-e95351a5aa3301bd8cc95bb46f18144e\" style=\"background-color:#5e5e5e\">Allgemeine Information gem\u00e4\u00df \u00a75 Telemediengesetz:<br><br>Trokotec GmbH &amp; Co.KG<br>Am Steigacker 3<br>D-87785 Winterrieden<br><br>Telefon: 08333-946679<br>Fax: 08333-946681<br><br>Email: <a href=\"mailto:service@trokotec.de\">service@trokotec.de<\/a><br><br><br>Gesch\u00e4ftsf\u00fchrer: <br>Kathrin Di Pietro und Uwe St\u00f6lzle<br><br>USt-Ident-Nr. DE277237451<br>Steuernummer: 138\/178\/51902<br>HRB 12065 Amtsgericht Memmingen<br><br>Haftungshinweis: <br>Trotz sorgf\u00e4ltiger inhaltlicher Kontrolle \u00fcbernehmen wir keine Haftung f\u00fcr die Inhalte externer Links. <br>F\u00fcr den Inhalt der verlinkten Seiten sind ausschlie\u00dflich deren Betreiber verantwortlich.<br><br><br>Bildnachweise:<br><br>Fotos der ColdJet Eisstrahlger\u00e4te unterliegen dem Copyright der Firma ColdJet.<br><br>Sonstige Bilder und Fotos unterliegen dem Copyright der Firma Trokotec.<\/p>\n\n\n\n<p><\/p>\n\n\n\n<p><\/p>\n\n\n\n<p><\/p>\n\n\n\n<p><\/p>\n","protected":false},"excerpt":{"rendered":"<p>IMPRESSUM Allgemeine Information gem\u00e4\u00df \u00a75 Telemediengesetz: Trokotec GmbH &amp; Co.KGAm Steigacker 3D-87785 Winterrieden Telefon: 08333-946679Fax: 08333-946681 Email: service@trokotec.de Gesch\u00e4ftsf\u00fchrer: Kathrin [&hellip;]<\/p>\n","protected":false},"author":1,"featured_media":0,"parent":0,"menu_order":0,"comment_status":"closed","ping_status":"closed","template":"","meta":{"site-sidebar-layout":"default","site-content-layout":"","ast-site-content-layout":"","site-content-style":"default","site-sidebar-style":"default","ast-global-header-display":"","ast-banner-title-visibility":"","ast-main-header-display":"","ast-hfb-above-header-display":"","ast-hfb-below-header-display":"","ast-hfb-mobile-header-display":"","site-post-title":"disabled","ast-breadcrumbs-content":"","ast-featured-img":"","footer-sml-layout":"","theme-transparent-header-meta":"","adv-header-id-meta":"","stick-header-meta":"","header-above-stick-meta":"","header-main-stick-meta":"","header-below-stick-meta":"","astra-migrate-meta-layouts":"default","ast-page-background-enabled":"default","ast-page-background-meta":{"desktop":{"background-color":"var(--ast-global-color-4)","background-image":"","background-repeat":"repeat","background-position":"center center","background-size":"auto","background-attachment":"scroll","background-type":"","background-media":"","overlay-type":"","overlay-color":"","overlay-gradient":""},"tablet":{"background-color":"","background-image":"","background-repeat":"repeat","background-position":"center center","background-size":"auto","background-attachment":"scroll","background-type":"","background-media":"","overlay-type":"","overlay-color":"","overlay-gradient":""},"mobile":{"background-color":"","background-image":"","background-repeat":"repeat","background-position":"center center","background-size":"auto","background-attachment":"scroll","background-type":"","background-media":"","overlay-type":"","overlay-color":"","overlay-gradient":""}},"ast-content-background-meta":{"desktop":{"background-color":"var(--ast-global-color-5)","background-image":"","background-repeat":"repeat","background-position":"center center","background-size":"auto","background-attachment":"scroll","background-type":"","background-media":"","overlay-type":"","overlay-color":"","overlay-gradient":""},"tablet":{"background-color":"var(--ast-global-color-5)","background-image":"","background-repeat":"repeat","background-position":"center center","background-size":"auto","background-attachment":"scroll","background-type":"","background-media":"","overlay-type":"","overlay-color":"","overlay-gradient":""},"mobile":{"background-color":"var(--ast-global-color-5)","background-image":"","background-repeat":"repeat","background-position":"center center","background-size":"auto","background-attachment":"scroll","background-type":"","background-media":"","overlay-type":"","overlay-color":"","overlay-gradient":""}},"footnotes":""},"class_list":["post-66","page","type-page","status-publish","hentry"],"_links":{"self":[{"href":"https:\/\/trokotec.de\/index.php?rest_route=\/wp\/v2\/pages\/66","targetHints":{"allow":["GET"]}}],"collection":[{"href":"https:\/\/trokotec.de\/index.php?rest_route=\/wp\/v2\/pages"}],"about":[{"href":"https:\/\/trokotec.de\/index.php?rest_route=\/wp\/v2\/types\/page"}],"author":[{"embeddable":true,"href":"https:\/\/trokotec.de\/index.php?rest_route=\/wp\/v2\/users\/1"}],"replies":[{"embeddable":true,"href":"https:\/\/trokotec.de\/index.php?rest_route=%2Fwp%2Fv2%2Fcomments&post=66"}],"version-history":[{"count":12,"href":"https:\/\/trokotec.de\/index.php?rest_route=\/wp\/v2\/pages\/66\/revisions"}],"predecessor-version":[{"id":606,"href":"https:\/\/trokotec.de\/index.php?rest_route=\/wp\/v2\/pages\/66\/revisions\/606"}],"wp:attachment":[{"href":"https:\/\/trokotec.de\/index.php?rest_route=%2Fwp%2Fv2%2Fmedia&parent=66"}],"curies":[{"name":"wp","href":"https:\/\/api.w.org\/{rel}","templated":true}]}}