{"id":420,"date":"2024-04-05T17:54:17","date_gmt":"2024-04-05T15:54:17","guid":{"rendered":"https:\/\/trokotec.de\/?page_id=420"},"modified":"2024-04-27T11:45:16","modified_gmt":"2024-04-27T09:45:16","slug":"fuellanlagen","status":"publish","type":"page","link":"https:\/\/trokotec.de\/?page_id=420","title":{"rendered":"F\u00dcLLANLAGEN"},"content":{"rendered":"\n<p><\/p>\n\n\n\n<div class=\"wp-block-group alignfull is-layout-constrained wp-container-core-group-is-layout-490fa1db wp-block-group-is-layout-constrained\" style=\"padding-top:var(--wp--preset--spacing--50);padding-right:var(--wp--preset--spacing--50);padding-bottom:var(--wp--preset--spacing--50);padding-left:var(--wp--preset--spacing--50)\">\n<div class=\"wp-block-group is-layout-constrained wp-container-core-group-is-layout-650790e1 wp-block-group-is-layout-constrained\">\n<h1 class=\"wp-block-heading has-text-align-center\" style=\"font-size:30px\">CO2  F\u00dcLLANLAGEN<\/h1>\n\n\n\n<div style=\"height:1.25rem\" aria-hidden=\"true\" class=\"wp-block-spacer\"><\/div>\n\n\n\n<p class=\"has-text-align-center\">Innovation trifft Nachhaltigkeit<\/p>\n<\/div>\n<\/div>\n\n\n\n<p><\/p>\n\n\n\n<div class=\"wp-block-media-text is-stacked-on-mobile animated fadeInLeft\" style=\"padding-top:var(--wp--preset--spacing--60);padding-right:var(--wp--preset--spacing--60);padding-bottom:var(--wp--preset--spacing--60);padding-left:var(--wp--preset--spacing--60)\"><figure class=\"wp-block-media-text__media\"><img loading=\"lazy\" decoding=\"async\" width=\"1024\" height=\"707\" src=\"https:\/\/trokotec.de\/wp-content\/uploads\/2024\/04\/CFA-2-10-02-1-r1-1024x707.png\" alt=\"\" class=\"wp-image-572 size-full\" srcset=\"https:\/\/trokotec.de\/wp-content\/uploads\/2024\/04\/CFA-2-10-02-1-r1-1024x707.png 1024w, https:\/\/trokotec.de\/wp-content\/uploads\/2024\/04\/CFA-2-10-02-1-r1-300x207.png 300w, https:\/\/trokotec.de\/wp-content\/uploads\/2024\/04\/CFA-2-10-02-1-r1-768x530.png 768w, https:\/\/trokotec.de\/wp-content\/uploads\/2024\/04\/CFA-2-10-02-1-r1-1536x1061.png 1536w, https:\/\/trokotec.de\/wp-content\/uploads\/2024\/04\/CFA-2-10-02-1-r1.png 1839w\" sizes=\"auto, (max-width: 1024px) 100vw, 1024px\" \/><\/figure><div class=\"wp-block-media-text__content\">\n<h2 class=\"wp-block-heading\" style=\"font-size:30px\"><strong>CFA 2<\/strong><\/h2>\n\n\n\n<p><strong>Mit dieser kompakten CO2-F\u00fcllanlage mit Digitalwaage und Abschaltfunktion k\u00f6nnen nahezu alle CO2-Beh\u00e4lter mit entsprechenden Adaptern preisg\u00fcnstig gef\u00fcllt werden. Lassen Sie sich ein unverbindliches Angebot nach Ihren Bed\u00fcrfnissen erstellen.<\/strong><\/p>\n\n\n\n<p><\/p>\n<\/div><\/div>\n\n\n\n<div class=\"wp-block-media-text is-stacked-on-mobile animated fadeInLeft\" style=\"padding-top:var(--wp--preset--spacing--60);padding-right:var(--wp--preset--spacing--60);padding-bottom:var(--wp--preset--spacing--60);padding-left:var(--wp--preset--spacing--60)\"><figure class=\"wp-block-media-text__media\"><img loading=\"lazy\" decoding=\"async\" width=\"774\" height=\"592\" src=\"https:\/\/trokotec.de\/wp-content\/uploads\/2024\/04\/CFA-2-F1B-F2.png\" alt=\"\" class=\"wp-image-573 size-full\" srcset=\"https:\/\/trokotec.de\/wp-content\/uploads\/2024\/04\/CFA-2-F1B-F2.png 774w, https:\/\/trokotec.de\/wp-content\/uploads\/2024\/04\/CFA-2-F1B-F2-300x229.png 300w, https:\/\/trokotec.de\/wp-content\/uploads\/2024\/04\/CFA-2-F1B-F2-768x587.png 768w\" sizes=\"auto, (max-width: 774px) 100vw, 774px\" \/><\/figure><div class=\"wp-block-media-text__content\">\n<h2 class=\"wp-block-heading has-text-align-left\" style=\"font-size:30px\"><strong>CFA 2&nbsp;mit Universalf\u00fcllkopf<\/strong><\/h2>\n\n\n\n<p><strong>Mit Zusatzf\u00fcllkopf F2 k\u00f6nnen Feuerl\u00f6scher oder CO2-Flaschen bis 2 kg Kohlens\u00e4ure gef\u00fcllt werden.<\/strong><\/p>\n\n\n\n<p><\/p>\n<\/div><\/div>\n\n\n\n<div style=\"height:100px\" aria-hidden=\"true\" class=\"wp-block-spacer\"><\/div>\n","protected":false},"excerpt":{"rendered":"<p>CO2 F\u00dcLLANLAGEN Innovation trifft Nachhaltigkeit CFA 2 Mit dieser kompakten CO2-F\u00fcllanlage mit Digitalwaage und Abschaltfunktion k\u00f6nnen nahezu alle CO2-Beh\u00e4lter mit [&hellip;]<\/p>\n","protected":false},"author":1,"featured_media":0,"parent":0,"menu_order":0,"comment_status":"closed","ping_status":"closed","template":"","meta":{"site-sidebar-layout":"default","site-content-layout":"","ast-site-content-layout":"","site-content-style":"default","site-sidebar-style":"default","ast-global-header-display":"","ast-banner-title-visibility":"","ast-main-header-display":"","ast-hfb-above-header-display":"","ast-hfb-below-header-display":"","ast-hfb-mobile-header-display":"","site-post-title":"disabled","ast-breadcrumbs-content":"","ast-featured-img":"","footer-sml-layout":"","theme-transparent-header-meta":"","adv-header-id-meta":"","stick-header-meta":"","header-above-stick-meta":"","header-main-stick-meta":"","header-below-stick-meta":"","astra-migrate-meta-layouts":"default","ast-page-background-enabled":"default","ast-page-background-meta":{"desktop":{"background-color":"var(--ast-global-color-4)","background-image":"","background-repeat":"repeat","background-position":"center center","background-size":"auto","background-attachment":"scroll","background-type":"","background-media":"","overlay-type":"","overlay-color":"","overlay-gradient":""},"tablet":{"background-color":"","background-image":"","background-repeat":"repeat","background-position":"center center","background-size":"auto","background-attachment":"scroll","background-type":"","background-media":"","overlay-type":"","overlay-color":"","overlay-gradient":""},"mobile":{"background-color":"","background-image":"","background-repeat":"repeat","background-position":"center center","background-size":"auto","background-attachment":"scroll","background-type":"","background-media":"","overlay-type":"","overlay-color":"","overlay-gradient":""}},"ast-content-background-meta":{"desktop":{"background-color":"var(--ast-global-color-5)","background-image":"","background-repeat":"repeat","background-position":"center center","background-size":"auto","background-attachment":"scroll","background-type":"","background-media":"","overlay-type":"","overlay-color":"","overlay-gradient":""},"tablet":{"background-color":"var(--ast-global-color-5)","background-image":"","background-repeat":"repeat","background-position":"center center","background-size":"auto","background-attachment":"scroll","background-type":"","background-media":"","overlay-type":"","overlay-color":"","overlay-gradient":""},"mobile":{"background-color":"var(--ast-global-color-5)","background-image":"","background-repeat":"repeat","background-position":"center center","background-size":"auto","background-attachment":"scroll","background-type":"","background-media":"","overlay-type":"","overlay-color":"","overlay-gradient":""}},"footnotes":""},"class_list":["post-420","page","type-page","status-publish","hentry"],"_links":{"self":[{"href":"https:\/\/trokotec.de\/index.php?rest_route=\/wp\/v2\/pages\/420","targetHints":{"allow":["GET"]}}],"collection":[{"href":"https:\/\/trokotec.de\/index.php?rest_route=\/wp\/v2\/pages"}],"about":[{"href":"https:\/\/trokotec.de\/index.php?rest_route=\/wp\/v2\/types\/page"}],"author":[{"embeddable":true,"href":"https:\/\/trokotec.de\/index.php?rest_route=\/wp\/v2\/users\/1"}],"replies":[{"embeddable":true,"href":"https:\/\/trokotec.de\/index.php?rest_route=%2Fwp%2Fv2%2Fcomments&post=420"}],"version-history":[{"count":6,"href":"https:\/\/trokotec.de\/index.php?rest_route=\/wp\/v2\/pages\/420\/revisions"}],"predecessor-version":[{"id":575,"href":"https:\/\/trokotec.de\/index.php?rest_route=\/wp\/v2\/pages\/420\/revisions\/575"}],"wp:attachment":[{"href":"https:\/\/trokotec.de\/index.php?rest_route=%2Fwp%2Fv2%2Fmedia&parent=420"}],"curies":[{"name":"wp","href":"https:\/\/api.w.org\/{rel}","templated":true}]}}