{"id":304,"date":"2024-04-05T09:31:36","date_gmt":"2024-04-05T07:31:36","guid":{"rendered":"https:\/\/trokotec.de\/?page_id=304"},"modified":"2024-04-27T10:46:15","modified_gmt":"2024-04-27T08:46:15","slug":"strahlgeraete","status":"publish","type":"page","link":"https:\/\/trokotec.de\/?page_id=304","title":{"rendered":"STRAHLGER\u00c4TE"},"content":{"rendered":"\n<p><\/p>\n\n\n\n<div class=\"wp-block-group is-layout-constrained wp-container-core-group-is-layout-650790e1 wp-block-group-is-layout-constrained\">\n<h1 class=\"wp-block-heading has-text-align-center\" style=\"font-size:30px\">STRAHLGER\u00c4TE<br> VON COLD-JET<\/h1>\n\n\n\n<div style=\"height:1.25rem\" aria-hidden=\"true\" class=\"wp-block-spacer\"><\/div>\n\n\n\n<p class=\"has-text-align-center\">Mit unseren Strahlger\u00e4ten der Firma Cold-Jet, <br>werden sie jeder Anforderung gerecht.<br>Lassen sie uns gemeinsam das f\u00fcr sie passende Ger\u00e4t finden.<\/p>\n<\/div>\n\n\n\n<p><\/p>\n\n\n\n<p><\/p>\n\n\n\n<p><\/p>\n\n\n\n<div class=\"wp-block-columns is-layout-flex wp-container-core-columns-is-layout-28f84493 wp-block-columns-is-layout-flex\">\n<div class=\"wp-block-column is-layout-flow wp-block-column-is-layout-flow\" style=\"flex-basis:66.66%\">\n<figure class=\"wp-block-image aligncenter size-full is-resized animated fadeInLeft o-anim-offset-350px\"><a href=\"https:\/\/www.coldjet.com\/our-equipment\/dry-ice-blasting-equipment\/aero-c100\/\" target=\"_blank\" rel=\"noreferrer noopener\"><img loading=\"lazy\" decoding=\"async\" width=\"600\" height=\"930\" src=\"https:\/\/trokotec.de\/wp-content\/uploads\/2024\/04\/C100_Hero-600x930-cd3ffcb.png\" alt=\"\" class=\"wp-image-322\" style=\"width:400px\" srcset=\"https:\/\/trokotec.de\/wp-content\/uploads\/2024\/04\/C100_Hero-600x930-cd3ffcb.png 600w, https:\/\/trokotec.de\/wp-content\/uploads\/2024\/04\/C100_Hero-600x930-cd3ffcb-194x300.png 194w\" sizes=\"auto, (max-width: 600px) 100vw, 600px\" \/><\/a><\/figure>\n<\/div>\n\n\n\n<div class=\"wp-block-column animated fadeInRight o-anim-offset-150px is-layout-flow wp-block-column-is-layout-flow\" style=\"flex-basis:33.33%\">\n<h2 class=\"wp-block-heading\" style=\"font-size:30px\">C 100 HERO<\/h2>\n\n\n\n<p>Abmessungen &nbsp; &nbsp; &nbsp; &nbsp; &nbsp; &nbsp; &nbsp; 79x38x114cm<br>Gewicht&nbsp;&nbsp;&nbsp;&nbsp;&nbsp;&nbsp;&nbsp;&nbsp;&nbsp;&nbsp;&nbsp;&nbsp;&nbsp;&nbsp;&nbsp;&nbsp;&nbsp;&nbsp;&nbsp;&nbsp;&nbsp;&nbsp;&nbsp;&nbsp;114 kg<br>Stromverbrauch&nbsp;&nbsp;&nbsp;&nbsp;&nbsp;&nbsp;&nbsp;&nbsp;&nbsp;&nbsp; hier wird nur Luft ben\u00f6tigt<\/p>\n<\/div>\n<\/div>\n\n\n\n<div style=\"height:100px\" aria-hidden=\"true\" class=\"wp-block-spacer\"><\/div>\n\n\n\n<div class=\"wp-block-columns is-layout-flex wp-container-core-columns-is-layout-28f84493 wp-block-columns-is-layout-flex\">\n<div class=\"wp-block-column is-layout-flow wp-block-column-is-layout-flow\" style=\"flex-basis:66.66%\">\n<figure class=\"wp-block-image aligncenter size-full is-resized animated fadeInLeft o-anim-offset-350px\"><a href=\"https:\/\/www.coldjet.com\/our-equipment\/dry-ice-blasting-equipment\/aero2-series\/aero2-pcs-60\/\" target=\"_blank\" rel=\"noreferrer noopener\"><img loading=\"lazy\" decoding=\"async\" width=\"467\" height=\"600\" src=\"https:\/\/trokotec.de\/wp-content\/uploads\/2024\/04\/PCS-60-467x601-232bafc.png\" alt=\"\" class=\"wp-image-309\" style=\"width:400px\" srcset=\"https:\/\/trokotec.de\/wp-content\/uploads\/2024\/04\/PCS-60-467x601-232bafc.png 467w, https:\/\/trokotec.de\/wp-content\/uploads\/2024\/04\/PCS-60-467x601-232bafc-234x300.png 234w\" sizes=\"auto, (max-width: 467px) 100vw, 467px\" \/><\/a><\/figure>\n<\/div>\n\n\n\n<div class=\"wp-block-column animated fadeInRight o-anim-offset-150px is-layout-flow wp-block-column-is-layout-flow\" style=\"flex-basis:33.33%\">\n<h2 class=\"wp-block-heading has-text-align-left\" style=\"font-size:30px\">PCS 60<\/h2>\n\n\n\n<p>Abmessungen&nbsp;&nbsp;&nbsp;&nbsp;&nbsp;&nbsp;&nbsp;&nbsp;&nbsp;&nbsp;&nbsp;&nbsp; 99x48x114cm<br>Gewicht&nbsp;&nbsp;&nbsp;&nbsp;&nbsp;&nbsp;&nbsp;&nbsp;&nbsp;&nbsp;&nbsp;&nbsp;&nbsp;&nbsp;&nbsp;&nbsp;&nbsp;&nbsp;&nbsp;&nbsp;&nbsp;&nbsp;&nbsp;114 kg<br>Stromverbrauch&nbsp;&nbsp;&nbsp;&nbsp;&nbsp;&nbsp;&nbsp;&nbsp;&nbsp; 230 Volt<\/p>\n<\/div>\n<\/div>\n\n\n\n<div style=\"height:100px\" aria-hidden=\"true\" class=\"wp-block-spacer\"><\/div>\n\n\n\n<div class=\"wp-block-columns is-layout-flex wp-container-core-columns-is-layout-28f84493 wp-block-columns-is-layout-flex\">\n<div class=\"wp-block-column is-layout-flow wp-block-column-is-layout-flow\" style=\"flex-basis:66.66%\">\n<figure class=\"wp-block-image aligncenter size-large is-resized animated fadeInLeft o-anim-offset-350px\"><a href=\"https:\/\/www.coldjet.com\/our-equipment\/dry-ice-blasting-equipment\/elite20-icerocket\/\" target=\"_blank\" rel=\"noreferrer noopener\"><img loading=\"lazy\" decoding=\"async\" width=\"1024\" height=\"1024\" src=\"https:\/\/trokotec.de\/wp-content\/uploads\/2024\/04\/Icerocket_productshot-1024x1024.png\" alt=\"\" class=\"wp-image-323\" style=\"width:400px\" srcset=\"https:\/\/trokotec.de\/wp-content\/uploads\/2024\/04\/Icerocket_productshot-1024x1024.png 1024w, https:\/\/trokotec.de\/wp-content\/uploads\/2024\/04\/Icerocket_productshot-300x300.png 300w, https:\/\/trokotec.de\/wp-content\/uploads\/2024\/04\/Icerocket_productshot-150x150.png 150w, https:\/\/trokotec.de\/wp-content\/uploads\/2024\/04\/Icerocket_productshot-768x768.png 768w, https:\/\/trokotec.de\/wp-content\/uploads\/2024\/04\/Icerocket_productshot-1536x1536.png 1536w, https:\/\/trokotec.de\/wp-content\/uploads\/2024\/04\/Icerocket_productshot.png 1920w\" sizes=\"auto, (max-width: 1024px) 100vw, 1024px\" \/><\/a><\/figure>\n<\/div>\n\n\n\n<div class=\"wp-block-column animated fadeInRight o-anim-offset-150px is-layout-flow wp-block-column-is-layout-flow\" style=\"flex-basis:33.33%\">\n<h2 class=\"wp-block-heading\" style=\"font-size:30px\">ICEROCKET<\/h2>\n\n\n\n<p>Abmessung &nbsp; &nbsp; &nbsp; &nbsp; &nbsp; &nbsp; 48x52x98cm<br>Gewicht&nbsp;&nbsp;&nbsp;&nbsp;&nbsp;&nbsp;&nbsp;&nbsp;&nbsp;&nbsp;&nbsp;&nbsp;&nbsp;&nbsp;&nbsp;&nbsp;&nbsp;&nbsp;&nbsp;48 kg<br>Stromversorgung&nbsp;&nbsp;&nbsp;&nbsp;230 Volt<\/p>\n<\/div>\n<\/div>\n\n\n\n<div style=\"height:100px\" aria-hidden=\"true\" class=\"wp-block-spacer\"><\/div>\n\n\n\n<div class=\"wp-block-columns is-layout-flex wp-container-core-columns-is-layout-28f84493 wp-block-columns-is-layout-flex\">\n<div class=\"wp-block-column is-layout-flow wp-block-column-is-layout-flow\" style=\"flex-basis:66.66%\">\n<figure class=\"wp-block-image aligncenter size-full is-resized animated fadeInLeft o-anim-offset-350px\"><a href=\"https:\/\/www.coldjet.com\/our-equipment\/dry-ice-blasting-equipment\/aero-series\/\" target=\"_blank\" rel=\"noreferrer noopener\"><img loading=\"lazy\" decoding=\"async\" width=\"600\" height=\"800\" src=\"https:\/\/trokotec.de\/wp-content\/uploads\/2024\/04\/Aero-40FP_m-1.png\" alt=\"\" class=\"wp-image-416\" style=\"width:400px\"\/><\/a><\/figure>\n<\/div>\n\n\n\n<div class=\"wp-block-column animated fadeInRight o-anim-offset-150px is-layout-flow wp-block-column-is-layout-flow\" style=\"flex-basis:33.33%\">\n<h2 class=\"wp-block-heading\" id=\"block-86403028-4dc0-47cc-9cf5-10469a02e6e9\" style=\"font-size:30px\">AERO 40 FP<\/h2>\n\n\n\n<p>Abmessung &nbsp; &nbsp; &nbsp; &nbsp; &nbsp; &nbsp; 91x51x102cm<br>Gewicht&nbsp;&nbsp;&nbsp;&nbsp;&nbsp;&nbsp;&nbsp;&nbsp;&nbsp;&nbsp;&nbsp;&nbsp;&nbsp;&nbsp;&nbsp;&nbsp;&nbsp; 117kg<br>Stromversorgung &nbsp; &nbsp;230 Volt &nbsp; &nbsp; &nbsp; &nbsp;<\/p>\n<\/div>\n<\/div>\n\n\n\n<div style=\"height:100px\" aria-hidden=\"true\" class=\"wp-block-spacer\"><\/div>\n\n\n\n<div class=\"wp-block-columns is-layout-flex wp-container-core-columns-is-layout-28f84493 wp-block-columns-is-layout-flex\">\n<div class=\"wp-block-column is-layout-flow wp-block-column-is-layout-flow\" style=\"flex-basis:66.66%\">\n<figure class=\"wp-block-image aligncenter size-full is-resized animated fadeInLeft o-anim-offset-350px\"><a href=\"https:\/\/www.coldjet.com\/our-equipment\/dry-ice-blasting-equipment\/i3-microclean-2\/\" target=\"_blank\" rel=\"noreferrer noopener\"><img loading=\"lazy\" decoding=\"async\" width=\"553\" height=\"804\" src=\"https:\/\/trokotec.de\/wp-content\/uploads\/2024\/04\/MC2-w-APPLICATOR-HOLSTER_m.png\" alt=\"\" class=\"wp-image-328\" style=\"width:400px\" srcset=\"https:\/\/trokotec.de\/wp-content\/uploads\/2024\/04\/MC2-w-APPLICATOR-HOLSTER_m.png 553w, https:\/\/trokotec.de\/wp-content\/uploads\/2024\/04\/MC2-w-APPLICATOR-HOLSTER_m-206x300.png 206w\" sizes=\"auto, (max-width: 553px) 100vw, 553px\" \/><\/a><\/figure>\n<\/div>\n\n\n\n<div class=\"wp-block-column animated fadeInRight o-anim-offset-150px is-layout-flow wp-block-column-is-layout-flow\" style=\"flex-basis:33.33%\">\n<h2 class=\"wp-block-heading\" id=\"block-86403028-4dc0-47cc-9cf5-10469a02e6e9\" style=\"font-size:30px\">MC2 + APPLICATION HOLSTER<\/h2>\n\n\n\n<p>Abmessung &nbsp; &nbsp; &nbsp; &nbsp; &nbsp; &nbsp; &nbsp;&nbsp;&nbsp; 78x62x120cm<br>Gewicht&nbsp;&nbsp;&nbsp;&nbsp;&nbsp;&nbsp;&nbsp;&nbsp;&nbsp;&nbsp;&nbsp;&nbsp;&nbsp;&nbsp;&nbsp;&nbsp;      86kg<br>Stromversorgung       230 Volt&nbsp; &nbsp; &nbsp; &nbsp; &nbsp;<\/p>\n<\/div>\n<\/div>\n\n\n\n<div style=\"height:100px\" aria-hidden=\"true\" class=\"wp-block-spacer\"><\/div>\n","protected":false},"excerpt":{"rendered":"<p>STRAHLGER\u00c4TE VON COLD-JET Mit unseren Strahlger\u00e4ten der Firma Cold-Jet, werden sie jeder Anforderung gerecht.Lassen sie uns gemeinsam das f\u00fcr sie [&hellip;]<\/p>\n","protected":false},"author":1,"featured_media":0,"parent":0,"menu_order":0,"comment_status":"closed","ping_status":"closed","template":"","meta":{"site-sidebar-layout":"default","site-content-layout":"","ast-site-content-layout":"","site-content-style":"default","site-sidebar-style":"default","ast-global-header-display":"","ast-banner-title-visibility":"","ast-main-header-display":"","ast-hfb-above-header-display":"","ast-hfb-below-header-display":"","ast-hfb-mobile-header-display":"","site-post-title":"disabled","ast-breadcrumbs-content":"","ast-featured-img":"","footer-sml-layout":"","theme-transparent-header-meta":"","adv-header-id-meta":"","stick-header-meta":"","header-above-stick-meta":"","header-main-stick-meta":"","header-below-stick-meta":"","astra-migrate-meta-layouts":"default","ast-page-background-enabled":"default","ast-page-background-meta":{"desktop":{"background-color":"var(--ast-global-color-4)","background-image":"","background-repeat":"repeat","background-position":"center center","background-size":"auto","background-attachment":"scroll","background-type":"","background-media":"","overlay-type":"","overlay-color":"","overlay-gradient":""},"tablet":{"background-color":"","background-image":"","background-repeat":"repeat","background-position":"center center","background-size":"auto","background-attachment":"scroll","background-type":"","background-media":"","overlay-type":"","overlay-color":"","overlay-gradient":""},"mobile":{"background-color":"","background-image":"","background-repeat":"repeat","background-position":"center center","background-size":"auto","background-attachment":"scroll","background-type":"","background-media":"","overlay-type":"","overlay-color":"","overlay-gradient":""}},"ast-content-background-meta":{"desktop":{"background-color":"var(--ast-global-color-5)","background-image":"","background-repeat":"repeat","background-position":"center center","background-size":"auto","background-attachment":"scroll","background-type":"","background-media":"","overlay-type":"","overlay-color":"","overlay-gradient":""},"tablet":{"background-color":"var(--ast-global-color-5)","background-image":"","background-repeat":"repeat","background-position":"center center","background-size":"auto","background-attachment":"scroll","background-type":"","background-media":"","overlay-type":"","overlay-color":"","overlay-gradient":""},"mobile":{"background-color":"var(--ast-global-color-5)","background-image":"","background-repeat":"repeat","background-position":"center center","background-size":"auto","background-attachment":"scroll","background-type":"","background-media":"","overlay-type":"","overlay-color":"","overlay-gradient":""}},"footnotes":""},"class_list":["post-304","page","type-page","status-publish","hentry"],"_links":{"self":[{"href":"https:\/\/trokotec.de\/index.php?rest_route=\/wp\/v2\/pages\/304","targetHints":{"allow":["GET"]}}],"collection":[{"href":"https:\/\/trokotec.de\/index.php?rest_route=\/wp\/v2\/pages"}],"about":[{"href":"https:\/\/trokotec.de\/index.php?rest_route=\/wp\/v2\/types\/page"}],"author":[{"embeddable":true,"href":"https:\/\/trokotec.de\/index.php?rest_route=\/wp\/v2\/users\/1"}],"replies":[{"embeddable":true,"href":"https:\/\/trokotec.de\/index.php?rest_route=%2Fwp%2Fv2%2Fcomments&post=304"}],"version-history":[{"count":10,"href":"https:\/\/trokotec.de\/index.php?rest_route=\/wp\/v2\/pages\/304\/revisions"}],"predecessor-version":[{"id":562,"href":"https:\/\/trokotec.de\/index.php?rest_route=\/wp\/v2\/pages\/304\/revisions\/562"}],"wp:attachment":[{"href":"https:\/\/trokotec.de\/index.php?rest_route=%2Fwp%2Fv2%2Fmedia&parent=304"}],"curies":[{"name":"wp","href":"https:\/\/api.w.org\/{rel}","templated":true}]}}